{"id":393,"date":"2022-08-11T11:27:15","date_gmt":"2022-08-11T14:27:15","guid":{"rendered":"https:\/\/upami.unr.edu.ar\/?page_id=393"},"modified":"2022-08-18T11:54:09","modified_gmt":"2022-08-18T14:54:09","slug":"blog","status":"publish","type":"page","link":"https:\/\/upami.unr.edu.ar\/?page_id=393","title":{"rendered":"Programa Upami"},"content":{"rendered":"\t\t<div data-elementor-type=\"wp-page\" data-elementor-id=\"393\" class=\"elementor elementor-393\">\n\t\t\t\t\t\t<section class=\"elementor-section elementor-top-section elementor-element elementor-element-76c7c82 elementor-section-boxed elementor-section-height-default elementor-section-height-default\" data-id=\"76c7c82\" data-element_type=\"section\" data-settings=\"{&quot;background_background&quot;:&quot;classic&quot;}\">\n\t\t\t\t\t\t<div class=\"elementor-container elementor-column-gap-default\">\n\t\t\t\t\t<div class=\"elementor-column elementor-col-100 elementor-top-column elementor-element elementor-element-dcc0ae4\" data-id=\"dcc0ae4\" data-element_type=\"column\">\n\t\t\t<div class=\"elementor-widget-wrap elementor-element-populated\">\n\t\t\t\t\t\t<div class=\"elementor-element elementor-element-dc7b4e0 elementor-widget elementor-widget-spacer\" data-id=\"dc7b4e0\" data-element_type=\"widget\" data-widget_type=\"spacer.default\">\n\t\t\t\t<div class=\"elementor-widget-container\">\n\t\t\t\t\t\t\t<div class=\"elementor-spacer\">\n\t\t\t<div class=\"elementor-spacer-inner\"><\/div>\n\t\t<\/div>\n\t\t\t\t\t\t<\/div>\n\t\t\t\t<\/div>\n\t\t\t\t<div class=\"elementor-element elementor-element-0fa113d elementor-widget elementor-widget-heading\" data-id=\"0fa113d\" data-element_type=\"widget\" data-widget_type=\"heading.default\">\n\t\t\t\t<div class=\"elementor-widget-container\">\n\t\t\t\t\t<h2 class=\"elementor-heading-title elementor-size-default\">El programa Upami<\/h2>\t\t\t\t<\/div>\n\t\t\t\t<\/div>\n\t\t\t\t<div class=\"elementor-element elementor-element-82cdf13 elementor-widget elementor-widget-spacer\" data-id=\"82cdf13\" data-element_type=\"widget\" data-widget_type=\"spacer.default\">\n\t\t\t\t<div class=\"elementor-widget-container\">\n\t\t\t\t\t\t\t<div class=\"elementor-spacer\">\n\t\t\t<div class=\"elementor-spacer-inner\"><\/div>\n\t\t<\/div>\n\t\t\t\t\t\t<\/div>\n\t\t\t\t<\/div>\n\t\t\t\t<div class=\"elementor-element elementor-element-ff2cad3 elementor-drop-cap-yes elementor-drop-cap-view-default elementor-widget elementor-widget-text-editor\" data-id=\"ff2cad3\" data-element_type=\"widget\" data-settings=\"{&quot;drop_cap&quot;:&quot;yes&quot;}\" data-widget_type=\"text-editor.default\">\n\t\t\t\t<div class=\"elementor-widget-container\">\n\t\t\t\t\t\t\t\t\t<p><span style=\"font-family: Arial, serif;\">El programa UPAMI &#8211; UNR \u201cofrece un espacio universitario para las personas mayores, con el objetivo de promover el crecimiento personal, mejorar la calidad de vida y brindar un lugar de encuentro y capacitaci\u00f3n\u201d, el mismo se desarrolla mediante un convenio de vinculaci\u00f3n celebrado entre PAMI y la UNR.-<\/span><\/p><p><span style=\"font-family: Arial, serif;\">Con m\u00e1s de 10 a\u00f1os de trabajo, el programa ha posibilitado un lugar de encuentro, de socializaci\u00f3n, de fortalecimiento de las redes afectivas y sociales adem\u00e1s de lugar de aprendizaje y capacitaci\u00f3n a m\u00e1s de 1200 participantes por a\u00f1o.-<\/span><\/p><p><span style=\"font-family: Arial, serif;\">Desde la UNR entendemos que el aprendizaje debe ser considerado desde una perspectiva integral. La capacidad de realizar nuevos aprendizajes nos acompa\u00f1a toda la vida, sin embargo, en nuestras sociedades siempre queda apegada a las primeras etapas de la vida, la infancia o la juventud. Muchxs de los alumnxs que integran el programa, resignifican la capacidad de aprender y de participar de propuestas pedag\u00f3gicas, as\u00ed como muchas veces se reanudan procesos educativos interrumpidos o postergados en las trayectorias vitales. <\/span><\/p><p><span style=\"font-family: Arial, serif;\">\u00c9ste programa se enmarca tambi\u00e9n dentro de lo que conocemos como pr\u00e1cticas garantes de derechos, en tanto el derecho a la Educaci\u00f3n est\u00e1 reconocido en la Convenci\u00f3n interamericana sobre la protecci\u00f3n de los derechos humanos de las personas mayores. En este sentido, se subrayan los ejes establecidos en la Convenci\u00f3n respecto a: facilitar acceso a la educaci\u00f3n del nivel superior, promover la educaci\u00f3n y formaci\u00f3n en el uso nuevas tecnolog\u00edas de la informaci\u00f3n y comunicaci\u00f3n (TIC) para minimizar la brecha digital, generacional y geogr\u00e1fica e incrementar la integraci\u00f3n social y comunitaria.<\/span><\/p>\t\t\t\t\t\t\t\t<\/div>\n\t\t\t\t<\/div>\n\t\t\t\t<div class=\"elementor-element elementor-element-639d33a elementor-widget elementor-widget-spacer\" data-id=\"639d33a\" data-element_type=\"widget\" data-widget_type=\"spacer.default\">\n\t\t\t\t<div class=\"elementor-widget-container\">\n\t\t\t\t\t\t\t<div class=\"elementor-spacer\">\n\t\t\t<div class=\"elementor-spacer-inner\"><\/div>\n\t\t<\/div>\n\t\t\t\t\t\t<\/div>\n\t\t\t\t<\/div>\n\t\t\t\t<div class=\"elementor-element elementor-element-55dd486 elementor-widget elementor-widget-heading\" data-id=\"55dd486\" data-element_type=\"widget\" data-widget_type=\"heading.default\">\n\t\t\t\t<div class=\"elementor-widget-container\">\n\t\t\t\t\t<h2 class=\"elementor-heading-title elementor-size-default\">Como pensamos el aprendizaje<\/h2>\t\t\t\t<\/div>\n\t\t\t\t<\/div>\n\t\t\t\t<div class=\"elementor-element elementor-element-21147fd elementor-widget elementor-widget-spacer\" data-id=\"21147fd\" data-element_type=\"widget\" data-widget_type=\"spacer.default\">\n\t\t\t\t<div class=\"elementor-widget-container\">\n\t\t\t\t\t\t\t<div class=\"elementor-spacer\">\n\t\t\t<div class=\"elementor-spacer-inner\"><\/div>\n\t\t<\/div>\n\t\t\t\t\t\t<\/div>\n\t\t\t\t<\/div>\n\t\t\t\t<div class=\"elementor-element elementor-element-a23d055 elementor-drop-cap-yes elementor-drop-cap-view-default elementor-widget elementor-widget-text-editor\" data-id=\"a23d055\" data-element_type=\"widget\" data-settings=\"{&quot;drop_cap&quot;:&quot;yes&quot;}\" data-widget_type=\"text-editor.default\">\n\t\t\t\t<div class=\"elementor-widget-container\">\n\t\t\t\t\t\t\t\t\t<p><span style=\"font-family: Arial, serif;\">Desde una perspectiva integral, aprender no s\u00f3lo es incorporar nuevos saberes. Implica un proceso complejo, social, cultural, dial\u00f3gico, vincular en el que se ponen en juego los saberes previos, la curiosidad, la memoria, los afectos y la propia historia. Y toda esta experiencia es la que se incorpora junto a los saberes. Se aprende de otros, con otros y tambi\u00e9n se es parte del proceso de aprendizaje de otros. Junto con los saberes, se transmiten e intercambian experiencias vitales. <\/span><\/p><p><span style=\"font-family: Arial, serif;\">Las propuestas pedag\u00f3gicas anclan sobre una curiosidad previa, un querer aprender un saber determinado, que puede ser un idioma, el manejo de TIC u otra tem\u00e1tica en particular. Y ello moviliza siempre un \u201cpara qu\u00e9\u201d, un prop\u00f3sito singular: un viaje, comunicarse con nietos o familiares, no quedar por fuera de nuevas tecnolog\u00edas o de temas de actualidad. <\/span><\/p><p><span style=\"font-family: Arial, serif;\">En este sentido, las propuestas son un espacio propicio que enlazan pasado, presente y futuro. Que median como puentes y sostienen anhelos, proyectos, deseos.<\/span><\/p><p><span style=\"font-family: Arial, serif;\">Muchos planteos en torno al aprendizaje en los adultos mayores promueven abordajes biologicistas, subrayan su importancia en la promoci\u00f3n de las funciones cognitivas o resaltan sus beneficios para el incremento de la calidad de vida; nuestro enfoque, adem\u00e1s prioriza a la educaci\u00f3n como un derecho y el aprendizaje como una experiencia cultural que promueve intercambios sociales, que tiene efectos sobre la valoraci\u00f3n de s\u00ed mismo que hacen las personas y que vehiculiza puentes entre las historias singulares, las colectivas y diversos proyectos y deseos futuros. En este sentido, la adquisici\u00f3n de nuevos saberes y habilidades permite afrontar nuevas demandas, recuperar y valorar saberes personales y sociales, estimular el di\u00e1logo intergeneracional y facilitar y promover nuevos escenarios de integraci\u00f3n socio-comunitaria. <\/span><\/p>\t\t\t\t\t\t\t\t<\/div>\n\t\t\t\t<\/div>\n\t\t\t\t<div class=\"elementor-element elementor-element-719b3fe elementor-widget elementor-widget-spacer\" data-id=\"719b3fe\" data-element_type=\"widget\" data-widget_type=\"spacer.default\">\n\t\t\t\t<div class=\"elementor-widget-container\">\n\t\t\t\t\t\t\t<div class=\"elementor-spacer\">\n\t\t\t<div class=\"elementor-spacer-inner\"><\/div>\n\t\t<\/div>\n\t\t\t\t\t\t<\/div>\n\t\t\t\t<\/div>\n\t\t\t\t\t<\/div>\n\t\t<\/div>\n\t\t\t\t\t<\/div>\n\t\t<\/section>\n\t\t\t\t<\/div>\n\t\t","protected":false},"excerpt":{"rendered":"<p>El programa Upami El programa UPAMI &#8211; UNR \u201cofrece un espacio universitario para las personas mayores, con el objetivo de promover el crecimiento personal, mejorar la calidad de vida y brindar un lugar de encuentro y capacitaci\u00f3n\u201d, el mismo se desarrolla mediante un convenio de vinculaci\u00f3n celebrado entre PAMI y la UNR.- Con m\u00e1s de [&hellip;]<\/p>\n","protected":false},"author":1,"featured_media":0,"parent":0,"menu_order":0,"comment_status":"closed","ping_status":"closed","template":"","meta":{"footnotes":""},"class_list":["post-393","page","type-page","status-publish","hentry"],"yoast_head":"<!-- This site is optimized with the Yoast SEO plugin v26.0 - https:\/\/yoast.com\/wordpress\/plugins\/seo\/ -->\n<title>Programa Upami - Upami - UNR<\/title>\n<meta name=\"robots\" content=\"index, follow, max-snippet:-1, max-image-preview:large, max-video-preview:-1\" \/>\n<link rel=\"canonical\" href=\"https:\/\/upami.unr.edu.ar\/?page_id=393\" \/>\n<meta property=\"og:locale\" content=\"es_ES\" \/>\n<meta property=\"og:type\" content=\"article\" \/>\n<meta property=\"og:title\" content=\"Programa Upami - Upami - UNR\" \/>\n<meta property=\"og:description\" content=\"El programa Upami El programa UPAMI &#8211; UNR \u201cofrece un espacio universitario para las personas mayores, con el objetivo de promover el crecimiento personal, mejorar la calidad de vida y brindar un lugar de encuentro y capacitaci\u00f3n\u201d, el mismo se desarrolla mediante un convenio de vinculaci\u00f3n celebrado entre PAMI y la UNR.- Con m\u00e1s de [&hellip;]\" \/>\n<meta property=\"og:url\" content=\"https:\/\/upami.unr.edu.ar\/?page_id=393\" \/>\n<meta property=\"og:site_name\" content=\"Upami - UNR\" \/>\n<meta property=\"article:modified_time\" content=\"2022-08-18T14:54:09+00:00\" \/>\n<meta name=\"twitter:card\" content=\"summary_large_image\" \/>\n<meta name=\"twitter:label1\" content=\"Tiempo de lectura\" \/>\n\t<meta name=\"twitter:data1\" content=\"3 minutos\" \/>\n<script type=\"application\/ld+json\" class=\"yoast-schema-graph\">{\"@context\":\"https:\/\/schema.org\",\"@graph\":[{\"@type\":\"WebPage\",\"@id\":\"https:\/\/upami.unr.edu.ar\/?page_id=393\",\"url\":\"https:\/\/upami.unr.edu.ar\/?page_id=393\",\"name\":\"Programa Upami - Upami - UNR\",\"isPartOf\":{\"@id\":\"https:\/\/upami.unr.edu.ar\/#website\"},\"datePublished\":\"2022-08-11T14:27:15+00:00\",\"dateModified\":\"2022-08-18T14:54:09+00:00\",\"breadcrumb\":{\"@id\":\"https:\/\/upami.unr.edu.ar\/?page_id=393#breadcrumb\"},\"inLanguage\":\"es\",\"potentialAction\":[{\"@type\":\"ReadAction\",\"target\":[\"https:\/\/upami.unr.edu.ar\/?page_id=393\"]}]},{\"@type\":\"BreadcrumbList\",\"@id\":\"https:\/\/upami.unr.edu.ar\/?page_id=393#breadcrumb\",\"itemListElement\":[{\"@type\":\"ListItem\",\"position\":1,\"name\":\"Portada\",\"item\":\"https:\/\/upami.unr.edu.ar\/\"},{\"@type\":\"ListItem\",\"position\":2,\"name\":\"Programa Upami\"}]},{\"@type\":\"WebSite\",\"@id\":\"https:\/\/upami.unr.edu.ar\/#website\",\"url\":\"https:\/\/upami.unr.edu.ar\/\",\"name\":\"Upami - UNR\",\"description\":\"Sitio del programa Upami\",\"publisher\":{\"@id\":\"https:\/\/upami.unr.edu.ar\/#organization\"},\"potentialAction\":[{\"@type\":\"SearchAction\",\"target\":{\"@type\":\"EntryPoint\",\"urlTemplate\":\"https:\/\/upami.unr.edu.ar\/?s={search_term_string}\"},\"query-input\":{\"@type\":\"PropertyValueSpecification\",\"valueRequired\":true,\"valueName\":\"search_term_string\"}}],\"inLanguage\":\"es\"},{\"@type\":\"Organization\",\"@id\":\"https:\/\/upami.unr.edu.ar\/#organization\",\"name\":\"Upami - UNR\",\"url\":\"https:\/\/upami.unr.edu.ar\/\",\"logo\":{\"@type\":\"ImageObject\",\"inLanguage\":\"es\",\"@id\":\"https:\/\/upami.unr.edu.ar\/#\/schema\/logo\/image\/\",\"url\":\"https:\/\/upami.unr.edu.ar\/wp-content\/uploads\/2022\/08\/Diseno-sin-titulo-14.png\",\"contentUrl\":\"https:\/\/upami.unr.edu.ar\/wp-content\/uploads\/2022\/08\/Diseno-sin-titulo-14.png\",\"width\":500,\"height\":100,\"caption\":\"Upami - UNR\"},\"image\":{\"@id\":\"https:\/\/upami.unr.edu.ar\/#\/schema\/logo\/image\/\"}}]}<\/script>\n<!-- \/ Yoast SEO plugin. -->","yoast_head_json":{"title":"Programa Upami - Upami - UNR","robots":{"index":"index","follow":"follow","max-snippet":"max-snippet:-1","max-image-preview":"max-image-preview:large","max-video-preview":"max-video-preview:-1"},"canonical":"https:\/\/upami.unr.edu.ar\/?page_id=393","og_locale":"es_ES","og_type":"article","og_title":"Programa Upami - Upami - UNR","og_description":"El programa Upami El programa UPAMI &#8211; UNR \u201cofrece un espacio universitario para las personas mayores, con el objetivo de promover el crecimiento personal, mejorar la calidad de vida y brindar un lugar de encuentro y capacitaci\u00f3n\u201d, el mismo se desarrolla mediante un convenio de vinculaci\u00f3n celebrado entre PAMI y la UNR.- Con m\u00e1s de [&hellip;]","og_url":"https:\/\/upami.unr.edu.ar\/?page_id=393","og_site_name":"Upami - UNR","article_modified_time":"2022-08-18T14:54:09+00:00","twitter_card":"summary_large_image","twitter_misc":{"Tiempo de lectura":"3 minutos"},"schema":{"@context":"https:\/\/schema.org","@graph":[{"@type":"WebPage","@id":"https:\/\/upami.unr.edu.ar\/?page_id=393","url":"https:\/\/upami.unr.edu.ar\/?page_id=393","name":"Programa Upami - Upami - UNR","isPartOf":{"@id":"https:\/\/upami.unr.edu.ar\/#website"},"datePublished":"2022-08-11T14:27:15+00:00","dateModified":"2022-08-18T14:54:09+00:00","breadcrumb":{"@id":"https:\/\/upami.unr.edu.ar\/?page_id=393#breadcrumb"},"inLanguage":"es","potentialAction":[{"@type":"ReadAction","target":["https:\/\/upami.unr.edu.ar\/?page_id=393"]}]},{"@type":"BreadcrumbList","@id":"https:\/\/upami.unr.edu.ar\/?page_id=393#breadcrumb","itemListElement":[{"@type":"ListItem","position":1,"name":"Portada","item":"https:\/\/upami.unr.edu.ar\/"},{"@type":"ListItem","position":2,"name":"Programa Upami"}]},{"@type":"WebSite","@id":"https:\/\/upami.unr.edu.ar\/#website","url":"https:\/\/upami.unr.edu.ar\/","name":"Upami - UNR","description":"Sitio del programa Upami","publisher":{"@id":"https:\/\/upami.unr.edu.ar\/#organization"},"potentialAction":[{"@type":"SearchAction","target":{"@type":"EntryPoint","urlTemplate":"https:\/\/upami.unr.edu.ar\/?s={search_term_string}"},"query-input":{"@type":"PropertyValueSpecification","valueRequired":true,"valueName":"search_term_string"}}],"inLanguage":"es"},{"@type":"Organization","@id":"https:\/\/upami.unr.edu.ar\/#organization","name":"Upami - UNR","url":"https:\/\/upami.unr.edu.ar\/","logo":{"@type":"ImageObject","inLanguage":"es","@id":"https:\/\/upami.unr.edu.ar\/#\/schema\/logo\/image\/","url":"https:\/\/upami.unr.edu.ar\/wp-content\/uploads\/2022\/08\/Diseno-sin-titulo-14.png","contentUrl":"https:\/\/upami.unr.edu.ar\/wp-content\/uploads\/2022\/08\/Diseno-sin-titulo-14.png","width":500,"height":100,"caption":"Upami - UNR"},"image":{"@id":"https:\/\/upami.unr.edu.ar\/#\/schema\/logo\/image\/"}}]}},"_links":{"self":[{"href":"https:\/\/upami.unr.edu.ar\/index.php?rest_route=\/wp\/v2\/pages\/393","targetHints":{"allow":["GET"]}}],"collection":[{"href":"https:\/\/upami.unr.edu.ar\/index.php?rest_route=\/wp\/v2\/pages"}],"about":[{"href":"https:\/\/upami.unr.edu.ar\/index.php?rest_route=\/wp\/v2\/types\/page"}],"author":[{"embeddable":true,"href":"https:\/\/upami.unr.edu.ar\/index.php?rest_route=\/wp\/v2\/users\/1"}],"replies":[{"embeddable":true,"href":"https:\/\/upami.unr.edu.ar\/index.php?rest_route=%2Fwp%2Fv2%2Fcomments&post=393"}],"version-history":[{"count":23,"href":"https:\/\/upami.unr.edu.ar\/index.php?rest_route=\/wp\/v2\/pages\/393\/revisions"}],"predecessor-version":[{"id":558,"href":"https:\/\/upami.unr.edu.ar\/index.php?rest_route=\/wp\/v2\/pages\/393\/revisions\/558"}],"wp:attachment":[{"href":"https:\/\/upami.unr.edu.ar\/index.php?rest_route=%2Fwp%2Fv2%2Fmedia&parent=393"}],"curies":[{"name":"wp","href":"https:\/\/api.w.org\/{rel}","templated":true}]}}