{"id":388,"date":"2022-08-11T11:26:13","date_gmt":"2022-08-11T14:26:13","guid":{"rendered":"https:\/\/upami.unr.edu.ar\/?page_id=388"},"modified":"2026-03-19T11:36:16","modified_gmt":"2026-03-19T14:36:16","slug":"home","status":"publish","type":"page","link":"https:\/\/upami.unr.edu.ar\/","title":{"rendered":"Home"},"content":{"rendered":"<h5 align=\"center\"><span style=\"color: #ffffff;\">\u00a1ATENCI\u00d3N AFILIADOS DE PAMI!<\/span><\/h5>\n<h3 align=\"center\"><b>INFORMAMOS QUE AUN NO SE ENCUENTRA DISPONIBLE LA INSCRIPCI\u00d3N PARA LOS CURSOS Y TALLERES DEL PRIMER TRIMESTRE DE 2026<\/b><\/h3>\n<h3 style=\"text-align: center;\">DE TODAS FORMAS, SIEMPRE DEBER\u00c1 REALIZARSE DE MANERA VIRTUAL, INGRESANDO A LA P\u00c1GINA OFICIAL DE PAMI:<\/h3>\n<h3 align=\"center\"><a href=\"http:\/\/pami.org.ar\/talleresycursos\/cursos-upami\">http:\/\/pami.org.ar\/talleresycursos\/cursos-upami<\/a><\/h3>\n<h3 align=\"center\"><b>\u00a0<\/b><\/h3>\n<h2><\/h2>\n<h2>NUESTRA PROPUESTA EDUCATIVA<\/h2>\n<figure><a href=\"https:\/\/upami.unr.edu.ar\/?p=512\"><img fetchpriority=\"high\" decoding=\"async\" src=\"https:\/\/upami.unr.edu.ar\/wp-content\/uploads\/2022\/08\/Diseno-sin-titulo-13.png\" alt=\"\" width=\"800\" height=\"500\" \/><\/a><\/figure>\n<h3><a href=\"https:\/\/upami.unr.edu.ar\/?p=512\">Idiomas<\/a><\/h3>\n<figure><a href=\"https:\/\/upami.unr.edu.ar\/?p=520\"><img decoding=\"async\" src=\"https:\/\/upami.unr.edu.ar\/wp-content\/uploads\/2022\/08\/Diseno-sin-titulo-2.png\" alt=\"\" width=\"800\" height=\"500\" \/><\/a><\/figure>\n<h3><a href=\"https:\/\/upami.unr.edu.ar\/?p=520\">Medios de comunicaci\u00f3n<\/a><\/h3>\n<figure><a href=\"https:\/\/upami.unr.edu.ar\/?p=528\"><img decoding=\"async\" src=\"https:\/\/upami.unr.edu.ar\/wp-content\/uploads\/2022\/08\/Diseno-sin-titulo-3.png\" alt=\"\" width=\"800\" height=\"500\" \/><\/a><\/figure>\n<h3><a href=\"https:\/\/upami.unr.edu.ar\/?p=528\">Nuevas tecnolog\u00edas<\/a><\/h3>\n<figure><\/figure>\n<figure><a href=\"https:\/\/upami.unr.edu.ar\/?p=594\"><img loading=\"lazy\" decoding=\"async\" src=\"https:\/\/upami.unr.edu.ar\/wp-content\/uploads\/2022\/08\/Diseno-sin-titulo-6.png\" alt=\"\" width=\"800\" height=\"500\" \/><\/a><\/figure>\n<h3><a href=\"https:\/\/upami.unr.edu.ar\/?p=594\">Ciencias<\/a><\/h3>\n<figure><a href=\"https:\/\/upami.unr.edu.ar\/?p=602\"><img loading=\"lazy\" decoding=\"async\" src=\"https:\/\/upami.unr.edu.ar\/wp-content\/uploads\/2022\/08\/Diseno-sin-titulo-7.png\" alt=\"\" width=\"800\" height=\"500\" \/><\/a><\/figure>\n<h3><a href=\"https:\/\/upami.unr.edu.ar\/?p=602\">Danza<\/a><\/h3>\n<figure><a href=\"https:\/\/upami.unr.edu.ar\/?p=611\"><img loading=\"lazy\" decoding=\"async\" src=\"https:\/\/upami.unr.edu.ar\/wp-content\/uploads\/2022\/08\/Diseno-sin-titulo-12.png\" alt=\"\" width=\"800\" height=\"500\" \/><\/a><\/figure>\n<h3><a href=\"https:\/\/upami.unr.edu.ar\/?p=611\">Artesan\u00edas y manualidades<\/a><\/h3>\n<figure><a href=\"https:\/\/upami.unr.edu.ar\/?p=619\"><img loading=\"lazy\" decoding=\"async\" src=\"https:\/\/upami.unr.edu.ar\/wp-content\/uploads\/2022\/08\/Diseno-sin-titulo-8.png\" alt=\"\" width=\"800\" height=\"500\" \/><\/a><\/figure>\n<h3><a href=\"https:\/\/upami.unr.edu.ar\/?p=619\">Historia e intercambio generacional<\/a><\/h3>\n<figure><a href=\"https:\/\/upami.unr.edu.ar\/?p=631\"><img loading=\"lazy\" decoding=\"async\" src=\"https:\/\/upami.unr.edu.ar\/wp-content\/uploads\/2022\/08\/Diseno-sin-titulo-9.png\" alt=\"\" width=\"800\" height=\"500\" \/><\/a><\/figure>\n<h3><a href=\"https:\/\/upami.unr.edu.ar\/?p=631\">Memoria<\/a><\/h3>\n<figure><a href=\"https:\/\/upami.unr.edu.ar\/?p=639\"><img loading=\"lazy\" decoding=\"async\" src=\"https:\/\/upami.unr.edu.ar\/wp-content\/uploads\/2022\/08\/Diseno-sin-titulo-10.png\" alt=\"\" width=\"800\" height=\"500\" \/><\/a><\/figure>\n<h3><a href=\"https:\/\/upami.unr.edu.ar\/?p=639\">Literatura y escritura<\/a><\/h3>\n<figure><a href=\"https:\/\/upami.unr.edu.ar\/?p=647\"><img loading=\"lazy\" decoding=\"async\" src=\"https:\/\/upami.unr.edu.ar\/wp-content\/uploads\/2022\/08\/Diseno-sin-titulo-11.png\" alt=\"\" width=\"800\" height=\"500\" \/><\/a><\/figure>\n<h3><a href=\"https:\/\/upami.unr.edu.ar\/?p=647\">Fotograf\u00eda<\/a><\/h3>\n","protected":false},"excerpt":{"rendered":"<p>\u00a1ATENCI\u00d3N AFILIADOS DE PAMI! INFORMAMOS QUE AUN NO SE ENCUENTRA DISPONIBLE LA INSCRIPCI\u00d3N PARA LOS CURSOS Y TALLERES DEL PRIMER TRIMESTRE DE 2026 DE TODAS FORMAS, SIEMPRE DEBER\u00c1 REALIZARSE DE MANERA VIRTUAL, INGRESANDO A LA P\u00c1GINA OFICIAL DE PAMI: http:\/\/pami.org.ar\/talleresycursos\/cursos-upami \u00a0 NUESTRA PROPUESTA EDUCATIVA Idiomas Medios de comunicaci\u00f3n Nuevas tecnolog\u00edas Ciencias Danza Artesan\u00edas y manualidades [&hellip;]<\/p>\n","protected":false},"author":1,"featured_media":0,"parent":0,"menu_order":0,"comment_status":"closed","ping_status":"closed","template":"","meta":{"footnotes":""},"class_list":["post-388","page","type-page","status-publish","hentry"],"yoast_head":"<!-- This site is optimized with the Yoast SEO plugin v26.0 - https:\/\/yoast.com\/wordpress\/plugins\/seo\/ -->\n<title>Cursos de UPAMI para adultos mayores - UNR<\/title>\n<meta name=\"description\" content=\"Aqu\u00ed podr\u00e1 acceder a los programas de los cursos y talleres gratuitos ofrecidos por la Universidad Nacional de Rosario en convenio con Pami.\" \/>\n<meta name=\"robots\" content=\"index, follow, max-snippet:-1, max-image-preview:large, max-video-preview:-1\" \/>\n<link rel=\"canonical\" href=\"https:\/\/upami.unr.edu.ar\/\" \/>\n<meta property=\"og:locale\" content=\"es_ES\" \/>\n<meta property=\"og:type\" content=\"article\" \/>\n<meta property=\"og:title\" content=\"Cursos de UPAMI para adultos mayores - UNR\" \/>\n<meta property=\"og:description\" content=\"Aqu\u00ed podr\u00e1 acceder a los programas de los cursos y talleres gratuitos ofrecidos por la Universidad Nacional de Rosario en convenio con Pami.\" \/>\n<meta property=\"og:url\" content=\"https:\/\/upami.unr.edu.ar\/\" \/>\n<meta property=\"og:site_name\" content=\"Upami - UNR\" \/>\n<meta property=\"article:modified_time\" content=\"2026-03-19T14:36:16+00:00\" \/>\n<meta property=\"og:image\" content=\"https:\/\/upami.unr.edu.ar\/wp-content\/uploads\/2022\/08\/Diseno-sin-titulo-13.png\" \/>\n<meta name=\"twitter:card\" content=\"summary_large_image\" \/>\n<meta name=\"twitter:label1\" content=\"Tiempo de lectura\" \/>\n\t<meta name=\"twitter:data1\" content=\"3 minutos\" \/>\n<script type=\"application\/ld+json\" class=\"yoast-schema-graph\">{\"@context\":\"https:\/\/schema.org\",\"@graph\":[{\"@type\":\"WebPage\",\"@id\":\"https:\/\/upami.unr.edu.ar\/\",\"url\":\"https:\/\/upami.unr.edu.ar\/\",\"name\":\"Cursos de UPAMI para adultos mayores - UNR\",\"isPartOf\":{\"@id\":\"https:\/\/upami.unr.edu.ar\/#website\"},\"primaryImageOfPage\":{\"@id\":\"https:\/\/upami.unr.edu.ar\/#primaryimage\"},\"image\":{\"@id\":\"https:\/\/upami.unr.edu.ar\/#primaryimage\"},\"thumbnailUrl\":\"https:\/\/upami.unr.edu.ar\/wp-content\/uploads\/2022\/08\/Diseno-sin-titulo-13.png\",\"datePublished\":\"2022-08-11T14:26:13+00:00\",\"dateModified\":\"2026-03-19T14:36:16+00:00\",\"description\":\"Aqu\u00ed podr\u00e1 acceder a los programas de los cursos y talleres gratuitos ofrecidos por la Universidad Nacional de Rosario en convenio con Pami.\",\"breadcrumb\":{\"@id\":\"https:\/\/upami.unr.edu.ar\/#breadcrumb\"},\"inLanguage\":\"es\",\"potentialAction\":[{\"@type\":\"ReadAction\",\"target\":[\"https:\/\/upami.unr.edu.ar\/\"]}]},{\"@type\":\"ImageObject\",\"inLanguage\":\"es\",\"@id\":\"https:\/\/upami.unr.edu.ar\/#primaryimage\",\"url\":\"https:\/\/upami.unr.edu.ar\/wp-content\/uploads\/2022\/08\/Diseno-sin-titulo-13.png\",\"contentUrl\":\"https:\/\/upami.unr.edu.ar\/wp-content\/uploads\/2022\/08\/Diseno-sin-titulo-13.png\",\"width\":800,\"height\":500},{\"@type\":\"BreadcrumbList\",\"@id\":\"https:\/\/upami.unr.edu.ar\/#breadcrumb\",\"itemListElement\":[{\"@type\":\"ListItem\",\"position\":1,\"name\":\"Portada\",\"item\":\"https:\/\/upami.unr.edu.ar\/\"},{\"@type\":\"ListItem\",\"position\":2,\"name\":\"Home\"}]},{\"@type\":\"WebSite\",\"@id\":\"https:\/\/upami.unr.edu.ar\/#website\",\"url\":\"https:\/\/upami.unr.edu.ar\/\",\"name\":\"Upami - UNR\",\"description\":\"Sitio del programa Upami\",\"publisher\":{\"@id\":\"https:\/\/upami.unr.edu.ar\/#organization\"},\"potentialAction\":[{\"@type\":\"SearchAction\",\"target\":{\"@type\":\"EntryPoint\",\"urlTemplate\":\"https:\/\/upami.unr.edu.ar\/?s={search_term_string}\"},\"query-input\":{\"@type\":\"PropertyValueSpecification\",\"valueRequired\":true,\"valueName\":\"search_term_string\"}}],\"inLanguage\":\"es\"},{\"@type\":\"Organization\",\"@id\":\"https:\/\/upami.unr.edu.ar\/#organization\",\"name\":\"Upami - UNR\",\"url\":\"https:\/\/upami.unr.edu.ar\/\",\"logo\":{\"@type\":\"ImageObject\",\"inLanguage\":\"es\",\"@id\":\"https:\/\/upami.unr.edu.ar\/#\/schema\/logo\/image\/\",\"url\":\"https:\/\/upami.unr.edu.ar\/wp-content\/uploads\/2022\/08\/Diseno-sin-titulo-14.png\",\"contentUrl\":\"https:\/\/upami.unr.edu.ar\/wp-content\/uploads\/2022\/08\/Diseno-sin-titulo-14.png\",\"width\":500,\"height\":100,\"caption\":\"Upami - UNR\"},\"image\":{\"@id\":\"https:\/\/upami.unr.edu.ar\/#\/schema\/logo\/image\/\"}}]}<\/script>\n<!-- \/ Yoast SEO plugin. -->","yoast_head_json":{"title":"Cursos de UPAMI para adultos mayores - UNR","description":"Aqu\u00ed podr\u00e1 acceder a los programas de los cursos y talleres gratuitos ofrecidos por la Universidad Nacional de Rosario en convenio con Pami.","robots":{"index":"index","follow":"follow","max-snippet":"max-snippet:-1","max-image-preview":"max-image-preview:large","max-video-preview":"max-video-preview:-1"},"canonical":"https:\/\/upami.unr.edu.ar\/","og_locale":"es_ES","og_type":"article","og_title":"Cursos de UPAMI para adultos mayores - UNR","og_description":"Aqu\u00ed podr\u00e1 acceder a los programas de los cursos y talleres gratuitos ofrecidos por la Universidad Nacional de Rosario en convenio con Pami.","og_url":"https:\/\/upami.unr.edu.ar\/","og_site_name":"Upami - UNR","article_modified_time":"2026-03-19T14:36:16+00:00","og_image":[{"url":"https:\/\/upami.unr.edu.ar\/wp-content\/uploads\/2022\/08\/Diseno-sin-titulo-13.png","type":"","width":"","height":""}],"twitter_card":"summary_large_image","twitter_misc":{"Tiempo de lectura":"3 minutos"},"schema":{"@context":"https:\/\/schema.org","@graph":[{"@type":"WebPage","@id":"https:\/\/upami.unr.edu.ar\/","url":"https:\/\/upami.unr.edu.ar\/","name":"Cursos de UPAMI para adultos mayores - UNR","isPartOf":{"@id":"https:\/\/upami.unr.edu.ar\/#website"},"primaryImageOfPage":{"@id":"https:\/\/upami.unr.edu.ar\/#primaryimage"},"image":{"@id":"https:\/\/upami.unr.edu.ar\/#primaryimage"},"thumbnailUrl":"https:\/\/upami.unr.edu.ar\/wp-content\/uploads\/2022\/08\/Diseno-sin-titulo-13.png","datePublished":"2022-08-11T14:26:13+00:00","dateModified":"2026-03-19T14:36:16+00:00","description":"Aqu\u00ed podr\u00e1 acceder a los programas de los cursos y talleres gratuitos ofrecidos por la Universidad Nacional de Rosario en convenio con Pami.","breadcrumb":{"@id":"https:\/\/upami.unr.edu.ar\/#breadcrumb"},"inLanguage":"es","potentialAction":[{"@type":"ReadAction","target":["https:\/\/upami.unr.edu.ar\/"]}]},{"@type":"ImageObject","inLanguage":"es","@id":"https:\/\/upami.unr.edu.ar\/#primaryimage","url":"https:\/\/upami.unr.edu.ar\/wp-content\/uploads\/2022\/08\/Diseno-sin-titulo-13.png","contentUrl":"https:\/\/upami.unr.edu.ar\/wp-content\/uploads\/2022\/08\/Diseno-sin-titulo-13.png","width":800,"height":500},{"@type":"BreadcrumbList","@id":"https:\/\/upami.unr.edu.ar\/#breadcrumb","itemListElement":[{"@type":"ListItem","position":1,"name":"Portada","item":"https:\/\/upami.unr.edu.ar\/"},{"@type":"ListItem","position":2,"name":"Home"}]},{"@type":"WebSite","@id":"https:\/\/upami.unr.edu.ar\/#website","url":"https:\/\/upami.unr.edu.ar\/","name":"Upami - UNR","description":"Sitio del programa Upami","publisher":{"@id":"https:\/\/upami.unr.edu.ar\/#organization"},"potentialAction":[{"@type":"SearchAction","target":{"@type":"EntryPoint","urlTemplate":"https:\/\/upami.unr.edu.ar\/?s={search_term_string}"},"query-input":{"@type":"PropertyValueSpecification","valueRequired":true,"valueName":"search_term_string"}}],"inLanguage":"es"},{"@type":"Organization","@id":"https:\/\/upami.unr.edu.ar\/#organization","name":"Upami - UNR","url":"https:\/\/upami.unr.edu.ar\/","logo":{"@type":"ImageObject","inLanguage":"es","@id":"https:\/\/upami.unr.edu.ar\/#\/schema\/logo\/image\/","url":"https:\/\/upami.unr.edu.ar\/wp-content\/uploads\/2022\/08\/Diseno-sin-titulo-14.png","contentUrl":"https:\/\/upami.unr.edu.ar\/wp-content\/uploads\/2022\/08\/Diseno-sin-titulo-14.png","width":500,"height":100,"caption":"Upami - UNR"},"image":{"@id":"https:\/\/upami.unr.edu.ar\/#\/schema\/logo\/image\/"}}]}},"_links":{"self":[{"href":"https:\/\/upami.unr.edu.ar\/index.php?rest_route=\/wp\/v2\/pages\/388","targetHints":{"allow":["GET"]}}],"collection":[{"href":"https:\/\/upami.unr.edu.ar\/index.php?rest_route=\/wp\/v2\/pages"}],"about":[{"href":"https:\/\/upami.unr.edu.ar\/index.php?rest_route=\/wp\/v2\/types\/page"}],"author":[{"embeddable":true,"href":"https:\/\/upami.unr.edu.ar\/index.php?rest_route=\/wp\/v2\/users\/1"}],"replies":[{"embeddable":true,"href":"https:\/\/upami.unr.edu.ar\/index.php?rest_route=%2Fwp%2Fv2%2Fcomments&post=388"}],"version-history":[{"count":109,"href":"https:\/\/upami.unr.edu.ar\/index.php?rest_route=\/wp\/v2\/pages\/388\/revisions"}],"predecessor-version":[{"id":781,"href":"https:\/\/upami.unr.edu.ar\/index.php?rest_route=\/wp\/v2\/pages\/388\/revisions\/781"}],"wp:attachment":[{"href":"https:\/\/upami.unr.edu.ar\/index.php?rest_route=%2Fwp%2Fv2%2Fmedia&parent=388"}],"curies":[{"name":"wp","href":"https:\/\/api.w.org\/{rel}","templated":true}]}}